{"id":6387,"date":"2025-02-10T19:53:34","date_gmt":"2025-02-10T18:53:34","guid":{"rendered":"https:\/\/lux-sonnensegel.de\/?page_id=6387"},"modified":"2025-02-10T20:12:38","modified_gmt":"2025-02-10T19:12:38","slug":"wowoxline","status":"publish","type":"page","link":"https:\/\/lux-sonnensegel.de\/es\/wowoxline\/","title":{"rendered":"WO&amp;WOXLINE"},"content":{"rendered":"<div id=\"wp-block-themeisle-blocks-advanced-columns-7c2cf753\" class=\"wp-block-themeisle-blocks-advanced-columns alignfull has-1-columns has-desktop-equal-layout has-tablet-equal-layout has-mobile-equal-layout has-vertical-center\"><div class=\"wp-block-themeisle-blocks-advanced-columns-overlay\"><\/div><div class=\"innerblocks-wrap\">\n<div id=\"wp-block-themeisle-blocks-advanced-column-ee9bb2af\" class=\"wp-block-themeisle-blocks-advanced-column\">\n<h1 id=\"wp-block-themeisle-blocks-advanced-heading-74d7ce90\" class=\"wp-block-themeisle-blocks-advanced-heading wp-block-themeisle-blocks-advanced-heading-74d7ce90\"><strong>WO&amp;WO<sup>XLINE<\/sup><\/strong><\/h1>\n\n\n\n<p class=\"has-text-align-center\"><img data-recalc-dims=\"1\" loading=\"lazy\" decoding=\"async\" width=\"150\" height=\"34\" data-attachment-id=\"5810\" data-permalink=\"https:\/\/lux-sonnensegel.de\/es\/sonnenschutz\/logo-2\/\" data-orig-file=\"https:\/\/i0.wp.com\/lux-sonnensegel.de\/wp-content\/uploads\/2025\/01\/Logo.png?fit=3711%2C837&amp;quality=80&amp;ssl=1\" data-orig-size=\"3711,837\" data-comments-opened=\"1\" data-image-meta=\"{&quot;aperture&quot;:&quot;0&quot;,&quot;credit&quot;:&quot;&quot;,&quot;camera&quot;:&quot;&quot;,&quot;caption&quot;:&quot;&quot;,&quot;created_timestamp&quot;:&quot;0&quot;,&quot;copyright&quot;:&quot;&quot;,&quot;focal_length&quot;:&quot;0&quot;,&quot;iso&quot;:&quot;0&quot;,&quot;shutter_speed&quot;:&quot;0&quot;,&quot;title&quot;:&quot;&quot;,&quot;orientation&quot;:&quot;0&quot;}\" data-image-title=\"Logo\" data-image-description=\"\" data-image-caption=\"\" data-large-file=\"https:\/\/i0.wp.com\/lux-sonnensegel.de\/wp-content\/uploads\/2025\/01\/Logo.png?fit=1024%2C231&amp;quality=80&amp;ssl=1\" class=\"wp-image-5810\" style=\"width: 150px;\" src=\"https:\/\/i0.wp.com\/lux-sonnensegel.de\/wp-content\/uploads\/2025\/01\/Logo.png?resize=150%2C34&#038;quality=80&#038;ssl=1\" alt=\"\" srcset=\"https:\/\/i0.wp.com\/lux-sonnensegel.de\/wp-content\/uploads\/2025\/01\/Logo.png?w=3711&amp;quality=80&amp;ssl=1 3711w, https:\/\/i0.wp.com\/lux-sonnensegel.de\/wp-content\/uploads\/2025\/01\/Logo.png?resize=300%2C68&amp;quality=80&amp;ssl=1 300w, https:\/\/i0.wp.com\/lux-sonnensegel.de\/wp-content\/uploads\/2025\/01\/Logo.png?resize=1024%2C231&amp;quality=80&amp;ssl=1 1024w, https:\/\/i0.wp.com\/lux-sonnensegel.de\/wp-content\/uploads\/2025\/01\/Logo.png?resize=768%2C173&amp;quality=80&amp;ssl=1 768w, https:\/\/i0.wp.com\/lux-sonnensegel.de\/wp-content\/uploads\/2025\/01\/Logo.png?resize=1536%2C346&amp;quality=80&amp;ssl=1 1536w, https:\/\/i0.wp.com\/lux-sonnensegel.de\/wp-content\/uploads\/2025\/01\/Logo.png?resize=2048%2C462&amp;quality=80&amp;ssl=1 2048w, https:\/\/i0.wp.com\/lux-sonnensegel.de\/wp-content\/uploads\/2025\/01\/Logo.png?w=2400&amp;quality=80&amp;ssl=1 2400w, https:\/\/i0.wp.com\/lux-sonnensegel.de\/wp-content\/uploads\/2025\/01\/Logo.png?w=3600&amp;quality=80&amp;ssl=1 3600w\" sizes=\"auto, (max-width: 150px) 100vw, 150px\" \/><\/p>\n<\/div>\n<\/div><\/div>\n\n\n\n<div id=\"wp-block-themeisle-blocks-advanced-columns-d197b31c\" class=\"wp-block-themeisle-blocks-advanced-columns has-1-columns has-desktop-equal-layout has-tablet-equal-layout has-mobile-equal-layout has-vertical-bottom\"><div class=\"wp-block-themeisle-blocks-advanced-columns-overlay\"><\/div><div class=\"innerblocks-wrap\">\n<div id=\"wp-block-themeisle-blocks-advanced-column-3a93eac5\" class=\"wp-block-themeisle-blocks-advanced-column\">\n<p class=\"has-text-align-center has-x-large-font-size\"><strong>LUGAR DE CONSTRUCCI\u00d3N<\/strong><\/p>\n\n\n\n<p class=\"has-text-align-center has-x-large-font-size\"><strong>M\u00c1S INFORMACI\u00d3N PR\u00d3XIMAMENTE<\/strong><\/p>\n<\/div>\n<\/div><\/div>\n\n\n\n<p><\/p>","protected":false},"excerpt":{"rendered":"","protected":false},"author":2,"featured_media":0,"parent":0,"menu_order":0,"comment_status":"closed","ping_status":"closed","template":"","meta":{"neve_meta_sidebar":"","neve_meta_container":"","neve_meta_enable_content_width":"","neve_meta_content_width":0,"neve_meta_title_alignment":"","neve_meta_author_avatar":"","neve_post_elements_order":"","neve_meta_disable_header":"","neve_meta_disable_footer":"","neve_meta_disable_title":"","neve_meta_reading_time":"","_themeisle_gutenberg_block_has_review":false,"_ti_tpc_template_sync":false,"_ti_tpc_template_id":"","footnotes":""},"class_list":["post-6387","page","type-page","status-publish","hentry"],"yoast_head":"<!-- This site is optimized with the Yoast SEO Premium plugin v27.0 (Yoast SEO v27.0) - https:\/\/yoast.com\/product\/yoast-seo-premium-wordpress\/ -->\n<title>WO&amp;WOXLINE - LUX Sonnensegel<\/title>\n<meta name=\"robots\" content=\"index, follow, max-snippet:-1, max-image-preview:large, max-video-preview:-1\" \/>\n<link rel=\"canonical\" href=\"https:\/\/lux-sonnensegel.de\/es\/wowoxline\/\" \/>\n<meta property=\"og:locale\" content=\"es_ES\" \/>\n<meta property=\"og:type\" content=\"article\" \/>\n<meta property=\"og:title\" content=\"WO&amp;WOXLINE\" \/>\n<meta property=\"og:url\" content=\"https:\/\/lux-sonnensegel.de\/es\/wowoxline\/\" \/>\n<meta property=\"og:site_name\" content=\"LUX Sonnensegel\" \/>\n<meta property=\"article:publisher\" content=\"https:\/\/www.facebook.com\/profile.php?id=61554761846864\" \/>\n<meta property=\"article:modified_time\" content=\"2025-02-10T19:12:38+00:00\" \/>\n<meta property=\"og:image\" content=\"https:\/\/lux-sonnensegel.de\/wp-content\/uploads\/2025\/01\/Logo.png\" \/>\n<meta name=\"twitter:card\" content=\"summary_large_image\" \/>\n<meta name=\"twitter:label1\" content=\"Est. reading time\" \/>\n\t<meta name=\"twitter:data1\" content=\"1 minuto\" \/>\n<script type=\"application\/ld+json\" class=\"yoast-schema-graph\">{\"@context\":\"https:\/\/schema.org\",\"@graph\":[{\"@type\":\"WebPage\",\"@id\":\"https:\/\/lux-sonnensegel.de\/wowoxline\/\",\"url\":\"https:\/\/lux-sonnensegel.de\/wowoxline\/\",\"name\":\"WO&amp;WOXLINE - LUX Sonnensegel\",\"isPartOf\":{\"@id\":\"https:\/\/lux-sonnensegel.de\/en\/#website\"},\"primaryImageOfPage\":{\"@id\":\"https:\/\/lux-sonnensegel.de\/wowoxline\/#primaryimage\"},\"image\":{\"@id\":\"https:\/\/lux-sonnensegel.de\/wowoxline\/#primaryimage\"},\"thumbnailUrl\":\"https:\/\/lux-sonnensegel.de\/wp-content\/uploads\/2025\/01\/Logo.png\",\"datePublished\":\"2025-02-10T18:53:34+00:00\",\"dateModified\":\"2025-02-10T19:12:38+00:00\",\"breadcrumb\":{\"@id\":\"https:\/\/lux-sonnensegel.de\/wowoxline\/#breadcrumb\"},\"inLanguage\":\"es-DO\",\"potentialAction\":[{\"@type\":\"ReadAction\",\"target\":[\"https:\/\/lux-sonnensegel.de\/wowoxline\/\"]}]},{\"@type\":\"ImageObject\",\"inLanguage\":\"es-DO\",\"@id\":\"https:\/\/lux-sonnensegel.de\/wowoxline\/#primaryimage\",\"url\":\"https:\/\/lux-sonnensegel.de\/wp-content\/uploads\/2025\/01\/Logo.png\",\"contentUrl\":\"https:\/\/lux-sonnensegel.de\/wp-content\/uploads\/2025\/01\/Logo.png\"},{\"@type\":\"BreadcrumbList\",\"@id\":\"https:\/\/lux-sonnensegel.de\/wowoxline\/#breadcrumb\",\"itemListElement\":[{\"@type\":\"ListItem\",\"position\":1,\"name\":\"Startseite\",\"item\":\"https:\/\/lux-sonnensegel.de\/\"},{\"@type\":\"ListItem\",\"position\":2,\"name\":\"WO&amp;WOXLINE\"}]},{\"@type\":\"WebSite\",\"@id\":\"https:\/\/lux-sonnensegel.de\/en\/#website\",\"url\":\"https:\/\/lux-sonnensegel.de\/en\/\",\"name\":\"LUX Sonnensegel\",\"description\":\"\",\"publisher\":{\"@id\":\"https:\/\/lux-sonnensegel.de\/en\/#organization\"},\"potentialAction\":[{\"@type\":\"SearchAction\",\"target\":{\"@type\":\"EntryPoint\",\"urlTemplate\":\"https:\/\/lux-sonnensegel.de\/en\/?s={search_term_string}\"},\"query-input\":{\"@type\":\"PropertyValueSpecification\",\"valueRequired\":true,\"valueName\":\"search_term_string\"}}],\"inLanguage\":\"es-DO\"},{\"@type\":\"Organization\",\"@id\":\"https:\/\/lux-sonnensegel.de\/en\/#organization\",\"name\":\"LUX Sonnensegel\",\"url\":\"https:\/\/lux-sonnensegel.de\/en\/\",\"logo\":{\"@type\":\"ImageObject\",\"inLanguage\":\"es-DO\",\"@id\":\"https:\/\/lux-sonnensegel.de\/en\/#\/schema\/logo\/image\/\",\"url\":\"https:\/\/i0.wp.com\/lux-sonnensegel.de\/wp-content\/uploads\/2024\/09\/cropped-2023.01_1035-Logo-LUX-Sonnensegel.png?fit=200%2C95&quality=80&ssl=1\",\"contentUrl\":\"https:\/\/i0.wp.com\/lux-sonnensegel.de\/wp-content\/uploads\/2024\/09\/cropped-2023.01_1035-Logo-LUX-Sonnensegel.png?fit=200%2C95&quality=80&ssl=1\",\"width\":200,\"height\":95,\"caption\":\"LUX Sonnensegel\"},\"image\":{\"@id\":\"https:\/\/lux-sonnensegel.de\/en\/#\/schema\/logo\/image\/\"},\"sameAs\":[\"https:\/\/www.facebook.com\/profile.php?id=61554761846864\"]}]}<\/script>\n<!-- \/ Yoast SEO Premium plugin. -->","yoast_head_json":{"title":"WO&amp;WOXLINE - LUX Sonnensegel","robots":{"index":"index","follow":"follow","max-snippet":"max-snippet:-1","max-image-preview":"max-image-preview:large","max-video-preview":"max-video-preview:-1"},"canonical":"https:\/\/lux-sonnensegel.de\/es\/wowoxline\/","og_locale":"es_ES","og_type":"article","og_title":"WO&amp;WOXLINE","og_url":"https:\/\/lux-sonnensegel.de\/es\/wowoxline\/","og_site_name":"LUX Sonnensegel","article_publisher":"https:\/\/www.facebook.com\/profile.php?id=61554761846864","article_modified_time":"2025-02-10T19:12:38+00:00","og_image":[{"url":"https:\/\/lux-sonnensegel.de\/wp-content\/uploads\/2025\/01\/Logo.png","type":"","width":"","height":""}],"twitter_card":"summary_large_image","twitter_misc":{"Est. reading time":"1 minuto"},"schema":{"@context":"https:\/\/schema.org","@graph":[{"@type":"WebPage","@id":"https:\/\/lux-sonnensegel.de\/wowoxline\/","url":"https:\/\/lux-sonnensegel.de\/wowoxline\/","name":"WO&amp;WOXLINE - LUX Sonnensegel","isPartOf":{"@id":"https:\/\/lux-sonnensegel.de\/en\/#website"},"primaryImageOfPage":{"@id":"https:\/\/lux-sonnensegel.de\/wowoxline\/#primaryimage"},"image":{"@id":"https:\/\/lux-sonnensegel.de\/wowoxline\/#primaryimage"},"thumbnailUrl":"https:\/\/lux-sonnensegel.de\/wp-content\/uploads\/2025\/01\/Logo.png","datePublished":"2025-02-10T18:53:34+00:00","dateModified":"2025-02-10T19:12:38+00:00","breadcrumb":{"@id":"https:\/\/lux-sonnensegel.de\/wowoxline\/#breadcrumb"},"inLanguage":"es-DO","potentialAction":[{"@type":"ReadAction","target":["https:\/\/lux-sonnensegel.de\/wowoxline\/"]}]},{"@type":"ImageObject","inLanguage":"es-DO","@id":"https:\/\/lux-sonnensegel.de\/wowoxline\/#primaryimage","url":"https:\/\/lux-sonnensegel.de\/wp-content\/uploads\/2025\/01\/Logo.png","contentUrl":"https:\/\/lux-sonnensegel.de\/wp-content\/uploads\/2025\/01\/Logo.png"},{"@type":"BreadcrumbList","@id":"https:\/\/lux-sonnensegel.de\/wowoxline\/#breadcrumb","itemListElement":[{"@type":"ListItem","position":1,"name":"Startseite","item":"https:\/\/lux-sonnensegel.de\/"},{"@type":"ListItem","position":2,"name":"WO&amp;WOXLINE"}]},{"@type":"WebSite","@id":"https:\/\/lux-sonnensegel.de\/en\/#website","url":"https:\/\/lux-sonnensegel.de\/en\/","name":"LUX Vela solar","description":"","publisher":{"@id":"https:\/\/lux-sonnensegel.de\/en\/#organization"},"potentialAction":[{"@type":"SearchAction","target":{"@type":"EntryPoint","urlTemplate":"https:\/\/lux-sonnensegel.de\/en\/?s={search_term_string}"},"query-input":{"@type":"PropertyValueSpecification","valueRequired":true,"valueName":"search_term_string"}}],"inLanguage":"es-DO"},{"@type":"Organization","@id":"https:\/\/lux-sonnensegel.de\/en\/#organization","name":"LUX Vela solar","url":"https:\/\/lux-sonnensegel.de\/en\/","logo":{"@type":"ImageObject","inLanguage":"es-DO","@id":"https:\/\/lux-sonnensegel.de\/en\/#\/schema\/logo\/image\/","url":"https:\/\/i0.wp.com\/lux-sonnensegel.de\/wp-content\/uploads\/2024\/09\/cropped-2023.01_1035-Logo-LUX-Sonnensegel.png?fit=200%2C95&quality=80&ssl=1","contentUrl":"https:\/\/i0.wp.com\/lux-sonnensegel.de\/wp-content\/uploads\/2024\/09\/cropped-2023.01_1035-Logo-LUX-Sonnensegel.png?fit=200%2C95&quality=80&ssl=1","width":200,"height":95,"caption":"LUX Sonnensegel"},"image":{"@id":"https:\/\/lux-sonnensegel.de\/en\/#\/schema\/logo\/image\/"},"sameAs":["https:\/\/www.facebook.com\/profile.php?id=61554761846864"]}]}},"jetpack_shortlink":"https:\/\/wp.me\/Pg1WFk-1F1","jetpack_sharing_enabled":true,"_links":{"self":[{"href":"https:\/\/lux-sonnensegel.de\/es\/wp-json\/wp\/v2\/pages\/6387","targetHints":{"allow":["GET"]}}],"collection":[{"href":"https:\/\/lux-sonnensegel.de\/es\/wp-json\/wp\/v2\/pages"}],"about":[{"href":"https:\/\/lux-sonnensegel.de\/es\/wp-json\/wp\/v2\/types\/page"}],"author":[{"embeddable":true,"href":"https:\/\/lux-sonnensegel.de\/es\/wp-json\/wp\/v2\/users\/2"}],"replies":[{"embeddable":true,"href":"https:\/\/lux-sonnensegel.de\/es\/wp-json\/wp\/v2\/comments?post=6387"}],"version-history":[{"count":2,"href":"https:\/\/lux-sonnensegel.de\/es\/wp-json\/wp\/v2\/pages\/6387\/revisions"}],"predecessor-version":[{"id":6407,"href":"https:\/\/lux-sonnensegel.de\/es\/wp-json\/wp\/v2\/pages\/6387\/revisions\/6407"}],"wp:attachment":[{"href":"https:\/\/lux-sonnensegel.de\/es\/wp-json\/wp\/v2\/media?parent=6387"}],"curies":[{"name":"wp","href":"https:\/\/api.w.org\/{rel}","templated":true}]}}